{"id":9601,"date":"2025-12-07T19:58:04","date_gmt":"2025-12-07T18:58:04","guid":{"rendered":"https:\/\/crlrando.fr\/?page_id=9601"},"modified":"2026-01-21T18:12:45","modified_gmt":"2026-01-21T17:12:45","slug":"petites-annonces","status":"publish","type":"page","link":"https:\/\/crlrando.fr\/index.php\/petites-annonces\/","title":{"rendered":"Petites annonces"},"content":{"rendered":"\t\t<div data-elementor-type=\"wp-page\" data-elementor-id=\"9601\" class=\"elementor elementor-9601\" data-elementor-post-type=\"page\">\n\t\t\t\t\t\t<section class=\"elementor-section elementor-top-section elementor-element elementor-element-dca1f25 elementor-section-boxed elementor-section-height-default elementor-section-height-default\" data-id=\"dca1f25\" data-element_type=\"section\">\n\t\t\t\t\t\t<div class=\"elementor-container elementor-column-gap-default\">\n\t\t\t\t\t<div class=\"elementor-column elementor-col-100 elementor-top-column elementor-element elementor-element-369a996\" data-id=\"369a996\" data-element_type=\"column\">\n\t\t\t<div class=\"elementor-widget-wrap elementor-element-populated\">\n\t\t\t\t\t\t<div class=\"elementor-element elementor-element-877f767 elementor-widget elementor-widget-heading\" data-id=\"877f767\" data-element_type=\"widget\" data-widget_type=\"heading.default\">\n\t\t\t\t<div class=\"elementor-widget-container\">\n\t\t\t\t\t<h2 class=\"elementor-heading-title elementor-size-default\"><br><br><br>Le coin des bonnes affaires du CRL<\/h2>\t\t\t\t<\/div>\n\t\t\t\t<\/div>\n\t\t\t\t\t<\/div>\n\t\t<\/div>\n\t\t\t\t\t<\/div>\n\t\t<\/section>\n\t\t\t\t<section class=\"elementor-section elementor-top-section elementor-element elementor-element-54f176c elementor-section-boxed elementor-section-height-default elementor-section-height-default\" data-id=\"54f176c\" data-element_type=\"section\">\n\t\t\t\t\t\t<div class=\"elementor-container elementor-column-gap-default\">\n\t\t\t\t\t<div class=\"elementor-column elementor-col-50 elementor-top-column elementor-element elementor-element-6e2a11f\" data-id=\"6e2a11f\" data-element_type=\"column\">\n\t\t\t<div class=\"elementor-widget-wrap elementor-element-populated\">\n\t\t\t\t\t\t<div class=\"elementor-element elementor-element-3d72314 elementor-widget elementor-widget-text-editor\" data-id=\"3d72314\" data-element_type=\"widget\" data-widget_type=\"text-editor.default\">\n\t\t\t\t<div class=\"elementor-widget-container\">\n\t\t\t\t\t\t\t\t\t<h3>Liste des annonces<\/h3>\t\t\t\t\t\t\t\t<\/div>\n\t\t\t\t<\/div>\n\t\t\t\t<div class=\"elementor-element elementor-element-056448c elementor-widget elementor-widget-shortcode\" data-id=\"056448c\" data-element_type=\"widget\" data-widget_type=\"shortcode.default\">\n\t\t\t\t<div class=\"elementor-widget-container\">\n\t\t\t\t\t\t\t<div class=\"elementor-shortcode\">\r\n\r\n<div class=\"adverts-options\">\r\n    <form action=\"\" class=\"adverts-search-form\" method=\"get\">\r\n        \r\n                \r\n                <div class=\"adverts-search\">\r\n                        <div class=\"advert-input advert-input-type-half advert-input-type-half-left\">\r\n                                <input type=\"text\" name=\"query\" id=\"query\" placeholder=\"Mot cl\u00e9\u2026\"  \/>            <\/div>\r\n                        <div class=\"advert-input advert-input-type-half advert-input-type-half-right\">\r\n                                <input type=\"text\" name=\"location\" id=\"location\" placeholder=\"Lieu\u2026\"  \/>            <\/div>\r\n                    <\/div>\r\n                \r\n            \r\n        <div class=\"adverts-options-left adverts-js\">\r\n                        \r\n                    <\/div>\r\n\r\n        <div class=\"adverts-options-right adverts-js\">\r\n                        <a href=\"#\" class=\"adverts-form-submit adverts-button-small\">RECHERCHER <span class=\"adverts-icon-search\"><span><\/a>\r\n        <\/div>\r\n\r\n        <div class=\"adverts-options-fallback adverts-no-js\">\r\n            <input type=\"submit\" value=\"Filtrer les r\u00e9sultats\" \/>\r\n        <\/div>\r\n    <\/form>\r\n<\/div>\r\n\r\n<div class=\"adverts-list adverts-bg-hover\">\r\n        <div class=\"adverts-list-empty\"><em>Il n'y a pas d'annonce correspondant \u00e0 vos crit\u00e8res de recherche.<\/em><\/div>\r\n        <\/div>\r\n\r\n<div class=\"adverts-pagination\">\r\n    <\/div>\r\n\r\n<\/div>\n\t\t\t\t\t\t<\/div>\n\t\t\t\t<\/div>\n\t\t\t\t\t<\/div>\n\t\t<\/div>\n\t\t\t\t<div class=\"elementor-column elementor-col-50 elementor-top-column elementor-element elementor-element-9a533ad\" data-id=\"9a533ad\" data-element_type=\"column\">\n\t\t\t<div class=\"elementor-widget-wrap elementor-element-populated\">\n\t\t\t\t\t\t<div class=\"elementor-element elementor-element-5423616 elementor-widget elementor-widget-text-editor\" data-id=\"5423616\" data-element_type=\"widget\" data-widget_type=\"text-editor.default\">\n\t\t\t\t<div class=\"elementor-widget-container\">\n\t\t\t\t\t\t\t\t\t<h3>Formulaire de saisie<\/h3>\r\n                    \r\n    \r\n<form action=\"\" method=\"post\" class=\"adverts-form adverts-form-aligned\">\r\n    <fieldset>\r\n        \r\n                <input type=\"hidden\" name=\"_post_id\" id=\"_post_id\"  \/>                <input type=\"hidden\" name=\"_adverts_action\" id=\"_adverts_action\" value=\"preview\"  \/>                <input type=\"hidden\" name=\"_wpadverts_checksum\" id=\"_wpadverts_checksum\" value=\"311e8cb2b9d22583d01267e5766d25b8\"  \/>                <input type=\"hidden\" name=\"_wpadverts_checksum_nonce\" id=\"_wpadverts_checksum_nonce\" value=\"8ddd336800\"  \/>                <input type=\"hidden\" name=\"_post_id_nonce\" id=\"_post_id_nonce\"  \/>                <input type=\"hidden\" name=\"_timetrap_field\" id=\"_timetrap_field\" value=\"b2ZXVG1vN3hHamhHQzNFdVBkL1REdz09\"  \/>                \r\n                \r\n        <div class=\"adverts-control-group adverts-field-header adverts-field-name-_contact_information \">\r\n            \r\n                        <div class=\"adverts-field-header\">\r\n                <span class=\"adverts-field-header-title\">Information de contact<\/span>\r\n                            <\/div>\r\n                        \r\n                        \r\n        <\/div>\r\n                \r\n        <div class=\"adverts-control-group adverts-field-account adverts-field-name-_adverts_account \">\r\n            \r\n                        \r\n            <label for=\"_adverts_account\">\r\n                Compte                            <\/label>\r\n            \r\n            <div class=\"adverts-form-input-group adverts-form-input-group-checkbox adverts-field-rows-1\" ><div ><label for=\"_adverts_account_1\" ><input type=\"checkbox\" name=\"_adverts_account[]\" id=\"_adverts_account_1\" value=\"1\"  \/> Me cr\u00e9er un compte afin que je puisse g\u00e9rer mes annonces (un mot-de-passe vous sera envoy\u00e9) ou <a href=\"https:\/\/crlrando.fr\/wp-login.php?redirect_to=https%3A%2F%2Fcrlrando.fr%2Findex.php%2Fpetites-annonces%2F\">Connexion<\/a><\/label><\/div><\/div>\r\n                        \r\n                        \r\n        <\/div>\r\n                \r\n        <div class=\"adverts-control-group adverts-field-text adverts-field-name-adverts_person \">\r\n            \r\n                        \r\n            <label for=\"adverts_person\">\r\n                Personne de contact                                <span class=\"adverts-form-required\">*<\/span>\r\n                            <\/label>\r\n            \r\n            <input type=\"text\" name=\"adverts_person\" id=\"adverts_person\"  \/>\r\n                        \r\n                        \r\n        <\/div>\r\n                \r\n        <div class=\"adverts-control-group adverts-field-text adverts-field-name-adverts_email \">\r\n            \r\n                        \r\n            <label for=\"adverts_email\">\r\n                E mail                                <span class=\"adverts-form-required\">*<\/span>\r\n                            <\/label>\r\n            \r\n            <input type=\"text\" name=\"adverts_email\" id=\"adverts_email\"  \/>\r\n                        \r\n                        \r\n        <\/div>\r\n                \r\n        <div class=\"adverts-control-group adverts-field-text adverts-field-name-adverts_phone \">\r\n            \r\n                        \r\n            <label for=\"adverts_phone\">\r\n                N\u00b0 de t\u00e9l\u00e9phone                            <\/label>\r\n            \r\n            <input type=\"text\" name=\"adverts_phone\" id=\"adverts_phone\"  \/>\r\n                        \r\n                        \r\n        <\/div>\r\n                \r\n        <div class=\"adverts-control-group adverts-field-header adverts-field-name-_item_information \">\r\n            \r\n                        <div class=\"adverts-field-header\">\r\n                <span class=\"adverts-field-header-title\">Texte d&#039;information<\/span>\r\n                            <\/div>\r\n                        \r\n                        \r\n        <\/div>\r\n                \r\n        <div class=\"adverts-control-group adverts-field-text adverts-field-name-post_title \">\r\n            \r\n                        \r\n            <label for=\"post_title\">\r\n                Titre                                <span class=\"adverts-form-required\">*<\/span>\r\n                            <\/label>\r\n            \r\n            <input type=\"text\" name=\"post_title\" id=\"post_title\"  \/>\r\n                        \r\n                        \r\n        <\/div>\r\n                \r\n        <div class=\"adverts-control-group adverts-field-select adverts-field-name-advert_category \">\r\n            \r\n                        \r\n            <label for=\"advert_category\">\r\n                Cat\u00e9gorie                            <\/label>\r\n            \r\n            <select id=\"advert_category\" name=\"advert_category[]\" class=\" adverts-multiselect adverts-max-choices[10]\" multiple=\"multiple\" ><option value=\"196\" >Chaussures<\/option><option value=\"194\" >Divers<\/option><option value=\"195\" >Electronique<\/option><option value=\"193\" >Equipements<\/option><option value=\"197\" >Librairie<\/option><option value=\"188\" >Vetements<\/option><\/select>\r\n                        \r\n                        \r\n        <\/div>\r\n                \r\n        <div class=\"adverts-control-group adverts-field-gallery adverts-field-name-gallery \">\r\n            \r\n                        \r\n            <label for=\"gallery\">\r\n                Galerie                            <\/label>\r\n            \r\n            \n\n        <div id=\"adverts-plupload-upload-ui-gallery\" class=\"adverts-plupload-upload-ui adverts-browser-frontend\">\n        <div id=\"adverts-drag-drop-area-gallery\"class=\"adverts-drag-drop-area\">\n        \n        <\/div>\n        <div class=\"adverts-gallery\">\n            <p>D\u00e9poser les fichiers ici pour les ajouter<\/p>\n            <p><a href=\"#\" id=\"adverts-plupload-browse-button-gallery\" class=\"adverts-plupload-browse-button adverts-button\">Ajouter des images\u2026<\/a><\/p>\n        <\/div>\n        <div class=\"adverts-gallery-uploads\">\n\n        <\/div>\n\n    <\/div>\n        \n            \n    \r\n                        \r\n                        \r\n        <\/div>\r\n                \r\n        <div class=\"adverts-control-group adverts-field-textarea adverts-field-name-post_content \">\r\n            \r\n                        \r\n            <label for=\"post_content\">\r\n                Description                                 <span class=\"adverts-form-required\">*<\/span>\r\n                            <\/label>\r\n            \r\n            <div id=\"wp-post_content-wrap\" class=\"wp-core-ui wp-editor-wrap tmce-active\"><link rel='stylesheet' id='dashicons-css' href='https:\/\/crlrando.fr\/wp-includes\/css\/dashicons.min.css?ver=baf947c6d80109e7245be6da24c08494' media='all' \/>\n<link rel='stylesheet' id='editor-buttons-css' href='https:\/\/crlrando.fr\/wp-includes\/css\/editor.min.css?ver=baf947c6d80109e7245be6da24c08494' media='all' \/>\n<div id=\"wp-post_content-editor-container\" class=\"wp-editor-container\"><textarea class=\"wp-editor-area\" rows=\"8\" autocomplete=\"off\" cols=\"40\" name=\"post_content\" id=\"post_content\"><\/textarea><\/div>\n<\/div>\n\n\r\n                        \r\n                        \r\n        <\/div>\r\n                \r\n        <div class=\"adverts-control-group adverts-field-text adverts-field-name-adverts_price \">\r\n            \r\n                        \r\n            <label for=\"adverts_price\">\r\n                Prix                            <\/label>\r\n            \r\n            <input type=\"text\" name=\"adverts_price\" id=\"adverts_price\" class=\"adverts-filter-money\"  \/>\r\n                        \r\n                        \r\n        <\/div>\r\n                \r\n        <div class=\"adverts-control-group adverts-field-text adverts-field-name-adverts_location \">\r\n            \r\n                        \r\n            <label for=\"adverts_location\">\r\n                Localit\u00e9                            <\/label>\r\n            \r\n            <input type=\"text\" name=\"adverts_location\" id=\"adverts_location\"  \/>\r\n                        \r\n                        \r\n        <\/div>\r\n                \r\n        <div class=\"adverts-control-group adverts-field-actions\">\r\n\r\n            <input type=\"submit\" name=\"submit\" value=\"Pr\u00e9visualiser\" style=\"font-size:1.2em\" class=\"adverts-button adverts-cancel-unload\" \/>\r\n        <\/div>\r\n        \r\n    <\/fieldset>\r\n<\/form>\t\t\t\t\t\t\t\t<\/div>\n\t\t\t\t<\/div>\n\t\t\t\t\t<\/div>\n\t\t<\/div>\n\t\t\t\t\t<\/div>\n\t\t<\/section>\n\t\t\t\t<\/div>\n\t\t","protected":false},"excerpt":{"rendered":"<p>Le coin des bonnes affaires du CRL Liste des annonces Formulaire de saisie<\/p>\n","protected":false},"author":1,"featured_media":0,"parent":0,"menu_order":0,"comment_status":"closed","ping_status":"closed","template":"elementor_theme","meta":{"site-sidebar-layout":"default","site-content-layout":"","ast-site-content-layout":"default","site-content-style":"default","site-sidebar-style":"default","ast-global-header-display":"","ast-banner-title-visibility":"","ast-main-header-display":"","ast-hfb-above-header-display":"","ast-hfb-below-header-display":"","ast-hfb-mobile-header-display":"","site-post-title":"disabled","ast-breadcrumbs-content":"","ast-featured-img":"","footer-sml-layout":"","theme-transparent-header-meta":"","adv-header-id-meta":"","stick-header-meta":"","header-above-stick-meta":"","header-main-stick-meta":"","header-below-stick-meta":"","astra-migrate-meta-layouts":"set","ast-page-background-enabled":"default","ast-page-background-meta":{"desktop":{"background-color":"var(--ast-global-color-4)","background-image":"","background-repeat":"repeat","background-position":"center center","background-size":"auto","background-attachment":"scroll","background-type":"","background-media":"","overlay-type":"","overlay-color":"","overlay-opacity":"","overlay-gradient":""},"tablet":{"background-color":"","background-image":"","background-repeat":"repeat","background-position":"center center","background-size":"auto","background-attachment":"scroll","background-type":"","background-media":"","overlay-type":"","overlay-color":"","overlay-opacity":"","overlay-gradient":""},"mobile":{"background-color":"","background-image":"","background-repeat":"repeat","background-position":"center center","background-size":"auto","background-attachment":"scroll","background-type":"","background-media":"","overlay-type":"","overlay-color":"","overlay-opacity":"","overlay-gradient":""}},"ast-content-background-meta":{"desktop":{"background-color":"var(--ast-global-color-5)","background-image":"","background-repeat":"repeat","background-position":"center center","background-size":"auto","background-attachment":"scroll","background-type":"","background-media":"","overlay-type":"","overlay-color":"","overlay-opacity":"","overlay-gradient":""},"tablet":{"background-color":"var(--ast-global-color-5)","background-image":"","background-repeat":"repeat","background-position":"center center","background-size":"auto","background-attachment":"scroll","background-type":"","background-media":"","overlay-type":"","overlay-color":"","overlay-opacity":"","overlay-gradient":""},"mobile":{"background-color":"var(--ast-global-color-5)","background-image":"","background-repeat":"repeat","background-position":"center center","background-size":"auto","background-attachment":"scroll","background-type":"","background-media":"","overlay-type":"","overlay-color":"","overlay-opacity":"","overlay-gradient":""}},"footnotes":""},"class_list":["post-9601","page","type-page","status-publish","hentry"],"yoast_head":"<!-- This site is optimized with the Yoast SEO plugin v26.8 - https:\/\/yoast.com\/product\/yoast-seo-wordpress\/ -->\n<title>Petites annonces - Club de randonn\u00e9e Lauragais R\u00e9gion Toulouse Pyr\u00e9en\u00e9es<\/title>\n<meta name=\"robots\" content=\"index, follow, max-snippet:-1, max-image-preview:large, max-video-preview:-1\" \/>\n<link rel=\"canonical\" href=\"https:\/\/crlrando.fr\/index.php\/petites-annonces\/\" class=\"yoast-seo-meta-tag\" \/>\n<meta property=\"og:locale\" content=\"fr_FR\" class=\"yoast-seo-meta-tag\" \/>\n<meta property=\"og:type\" content=\"article\" class=\"yoast-seo-meta-tag\" \/>\n<meta property=\"og:title\" content=\"Petites annonces - Club de randonn\u00e9e Lauragais R\u00e9gion Toulouse Pyr\u00e9en\u00e9es\" class=\"yoast-seo-meta-tag\" \/>\n<meta property=\"og:description\" content=\"Le coin des bonnes affaires du CRL Liste des annonces Formulaire de saisie\" class=\"yoast-seo-meta-tag\" \/>\n<meta property=\"og:url\" content=\"https:\/\/crlrando.fr\/index.php\/petites-annonces\/\" class=\"yoast-seo-meta-tag\" \/>\n<meta property=\"og:site_name\" content=\"Club de randonn\u00e9e Lauragais R\u00e9gion Toulouse Pyr\u00e9en\u00e9es\" class=\"yoast-seo-meta-tag\" \/>\n<meta property=\"article:modified_time\" content=\"2026-01-21T17:12:45+00:00\" class=\"yoast-seo-meta-tag\" \/>\n<meta name=\"twitter:card\" content=\"summary_large_image\" class=\"yoast-seo-meta-tag\" \/>\n<meta name=\"twitter:label1\" content=\"Dur\u00e9e de lecture estim\u00e9e\" class=\"yoast-seo-meta-tag\" \/>\n\t<meta name=\"twitter:data1\" content=\"1 minute\" class=\"yoast-seo-meta-tag\" \/>\n<script type=\"application\/ld+json\" class=\"yoast-schema-graph\">{\"@context\":\"https:\/\/schema.org\",\"@graph\":[{\"@type\":\"WebPage\",\"@id\":\"https:\/\/crlrando.fr\/index.php\/petites-annonces\/\",\"url\":\"https:\/\/crlrando.fr\/index.php\/petites-annonces\/\",\"name\":\"Petites annonces - Club de randonn\u00e9e Lauragais R\u00e9gion Toulouse Pyr\u00e9en\u00e9es\",\"isPartOf\":{\"@id\":\"https:\/\/crlrando.fr\/#website\"},\"datePublished\":\"2025-12-07T18:58:04+00:00\",\"dateModified\":\"2026-01-21T17:12:45+00:00\",\"breadcrumb\":{\"@id\":\"https:\/\/crlrando.fr\/index.php\/petites-annonces\/#breadcrumb\"},\"inLanguage\":\"fr-FR\",\"potentialAction\":[{\"@type\":\"ReadAction\",\"target\":[\"https:\/\/crlrando.fr\/index.php\/petites-annonces\/\"]}]},{\"@type\":\"BreadcrumbList\",\"@id\":\"https:\/\/crlrando.fr\/index.php\/petites-annonces\/#breadcrumb\",\"itemListElement\":[{\"@type\":\"ListItem\",\"position\":1,\"name\":\"Accueil\",\"item\":\"https:\/\/crlrando.fr\/\"},{\"@type\":\"ListItem\",\"position\":2,\"name\":\"Petites annonces\"}]},{\"@type\":\"WebSite\",\"@id\":\"https:\/\/crlrando.fr\/#website\",\"url\":\"https:\/\/crlrando.fr\/\",\"name\":\"Club de randonn\u00e9e Lauragais R\u00e9gion Toulouse Pyr\u00e9en\u00e9es\",\"description\":\"2026 : 230 km parcourus avec 7620 m de d\u00e9nivel\u00e9\",\"publisher\":{\"@id\":\"https:\/\/crlrando.fr\/#organization\"},\"potentialAction\":[{\"@type\":\"SearchAction\",\"target\":{\"@type\":\"EntryPoint\",\"urlTemplate\":\"https:\/\/crlrando.fr\/?s={search_term_string}\"},\"query-input\":{\"@type\":\"PropertyValueSpecification\",\"valueRequired\":true,\"valueName\":\"search_term_string\"}}],\"inLanguage\":\"fr-FR\"},{\"@type\":\"Organization\",\"@id\":\"https:\/\/crlrando.fr\/#organization\",\"name\":\"Club Randonn\u00e9es Loisirs\",\"url\":\"https:\/\/crlrando.fr\/\",\"logo\":{\"@type\":\"ImageObject\",\"inLanguage\":\"fr-FR\",\"@id\":\"https:\/\/crlrando.fr\/#\/schema\/logo\/image\/\",\"url\":\"https:\/\/crlrando.fr\/wp-content\/uploads\/2023\/04\/SIGLE-22.4.png\",\"contentUrl\":\"https:\/\/crlrando.fr\/wp-content\/uploads\/2023\/04\/SIGLE-22.4.png\",\"width\":1662,\"height\":1171,\"caption\":\"Club Randonn\u00e9es Loisirs\"},\"image\":{\"@id\":\"https:\/\/crlrando.fr\/#\/schema\/logo\/image\/\"}}]}<\/script>\n<!-- \/ Yoast SEO plugin. -->","yoast_head_json":{"title":"Petites annonces - Club de randonn\u00e9e Lauragais R\u00e9gion Toulouse Pyr\u00e9en\u00e9es","robots":{"index":"index","follow":"follow","max-snippet":"max-snippet:-1","max-image-preview":"max-image-preview:large","max-video-preview":"max-video-preview:-1"},"canonical":"https:\/\/crlrando.fr\/index.php\/petites-annonces\/","og_locale":"fr_FR","og_type":"article","og_title":"Petites annonces - Club de randonn\u00e9e Lauragais R\u00e9gion Toulouse Pyr\u00e9en\u00e9es","og_description":"Le coin des bonnes affaires du CRL Liste des annonces Formulaire de saisie","og_url":"https:\/\/crlrando.fr\/index.php\/petites-annonces\/","og_site_name":"Club de randonn\u00e9e Lauragais R\u00e9gion Toulouse Pyr\u00e9en\u00e9es","article_modified_time":"2026-01-21T17:12:45+00:00","twitter_card":"summary_large_image","twitter_misc":{"Dur\u00e9e de lecture estim\u00e9e":"1 minute"},"schema":{"@context":"https:\/\/schema.org","@graph":[{"@type":"WebPage","@id":"https:\/\/crlrando.fr\/index.php\/petites-annonces\/","url":"https:\/\/crlrando.fr\/index.php\/petites-annonces\/","name":"Petites annonces - Club de randonn\u00e9e Lauragais R\u00e9gion Toulouse Pyr\u00e9en\u00e9es","isPartOf":{"@id":"https:\/\/crlrando.fr\/#website"},"datePublished":"2025-12-07T18:58:04+00:00","dateModified":"2026-01-21T17:12:45+00:00","breadcrumb":{"@id":"https:\/\/crlrando.fr\/index.php\/petites-annonces\/#breadcrumb"},"inLanguage":"fr-FR","potentialAction":[{"@type":"ReadAction","target":["https:\/\/crlrando.fr\/index.php\/petites-annonces\/"]}]},{"@type":"BreadcrumbList","@id":"https:\/\/crlrando.fr\/index.php\/petites-annonces\/#breadcrumb","itemListElement":[{"@type":"ListItem","position":1,"name":"Accueil","item":"https:\/\/crlrando.fr\/"},{"@type":"ListItem","position":2,"name":"Petites annonces"}]},{"@type":"WebSite","@id":"https:\/\/crlrando.fr\/#website","url":"https:\/\/crlrando.fr\/","name":"Club de randonn\u00e9e Lauragais R\u00e9gion Toulouse Pyr\u00e9en\u00e9es","description":"2026 : 230 km parcourus avec 7620 m de d\u00e9nivel\u00e9","publisher":{"@id":"https:\/\/crlrando.fr\/#organization"},"potentialAction":[{"@type":"SearchAction","target":{"@type":"EntryPoint","urlTemplate":"https:\/\/crlrando.fr\/?s={search_term_string}"},"query-input":{"@type":"PropertyValueSpecification","valueRequired":true,"valueName":"search_term_string"}}],"inLanguage":"fr-FR"},{"@type":"Organization","@id":"https:\/\/crlrando.fr\/#organization","name":"Club Randonn\u00e9es Loisirs","url":"https:\/\/crlrando.fr\/","logo":{"@type":"ImageObject","inLanguage":"fr-FR","@id":"https:\/\/crlrando.fr\/#\/schema\/logo\/image\/","url":"https:\/\/crlrando.fr\/wp-content\/uploads\/2023\/04\/SIGLE-22.4.png","contentUrl":"https:\/\/crlrando.fr\/wp-content\/uploads\/2023\/04\/SIGLE-22.4.png","width":1662,"height":1171,"caption":"Club Randonn\u00e9es Loisirs"},"image":{"@id":"https:\/\/crlrando.fr\/#\/schema\/logo\/image\/"}}]}},"_links":{"self":[{"href":"https:\/\/crlrando.fr\/index.php\/wp-json\/wp\/v2\/pages\/9601","targetHints":{"allow":["GET"]}}],"collection":[{"href":"https:\/\/crlrando.fr\/index.php\/wp-json\/wp\/v2\/pages"}],"about":[{"href":"https:\/\/crlrando.fr\/index.php\/wp-json\/wp\/v2\/types\/page"}],"author":[{"embeddable":true,"href":"https:\/\/crlrando.fr\/index.php\/wp-json\/wp\/v2\/users\/1"}],"replies":[{"embeddable":true,"href":"https:\/\/crlrando.fr\/index.php\/wp-json\/wp\/v2\/comments?post=9601"}],"version-history":[{"count":35,"href":"https:\/\/crlrando.fr\/index.php\/wp-json\/wp\/v2\/pages\/9601\/revisions"}],"predecessor-version":[{"id":9885,"href":"https:\/\/crlrando.fr\/index.php\/wp-json\/wp\/v2\/pages\/9601\/revisions\/9885"}],"wp:attachment":[{"href":"https:\/\/crlrando.fr\/index.php\/wp-json\/wp\/v2\/media?parent=9601"}],"curies":[{"name":"wp","href":"https:\/\/api.w.org\/{rel}","templated":true}]}}